{"id":507,"date":"2013-01-06T10:57:41","date_gmt":"2013-01-06T10:57:41","guid":{"rendered":"http:\/\/pyssel.kratos.se\/?page_id=507"},"modified":"2021-01-03T21:43:52","modified_gmt":"2021-01-03T20:43:52","slug":"about","status":"publish","type":"page","link":"https:\/\/pyssel.kratos.se\/?page_id=507","title":{"rendered":"About"},"content":{"rendered":"<p>Denna blogg drivs av tv\u00e5 pyssliga tjejer som heter Jenny och Karin.<\/p>\n<p>Karin pysslar med scrapbooking, g\u00f6r kort, layouter och altrar saker.<br \/>\nAlla i hennes omgivning som fyller \u00e5r f\u00e5r ett handgjort f\u00f6delsedagskort och vissa speciella f\u00e5r ocks\u00e5 ett handgjort julkort.<\/p>\n<p>Jenny som har en paus i bloggandet just nu gillar handarbete (sy, sticka och virka) och \u00e5terbruk, hon g\u00f6r m\u00e5nga kort, fr\u00e4mst till kollegor, men Karin har f\u00e5tt in henne p\u00e5 scrapbooking ocks\u00e5.<\/p>\n<p>Vill ni komma i kontakt med oss s\u00e5 n\u00e5s vi p\u00e5 pyssel (@) kratos.se<br \/>\nTa bort paranteserna s\u00e5 kommer mailet fram.<\/p>\n<p>Kratos kommer fr\u00e5n att Karins make \u00e4gde den dom\u00e4nen och fanns ledig eftersom f\u00f6retaget som skulle startas i det namnet inte blev av.<br \/>\nAnnars \u00e4r ocks\u00e5 Kratos en grekisk gud.<\/p>\n","protected":false},"excerpt":{"rendered":"<p>Denna blogg drivs av tv\u00e5 pyssliga tjejer som heter Jenny och Karin. Karin pysslar med scrapbooking, g\u00f6r kort, layouter och altrar saker. Alla i hennes omgivning som fyller \u00e5r f\u00e5r ett handgjort f\u00f6delsedagskort och vissa speciella f\u00e5r ocks\u00e5 ett handgjort julkort. Jenny som har en paus i bloggandet just nu gillar handarbete (sy, sticka och [&hellip;]<\/p>\n","protected":false},"author":1,"featured_media":0,"parent":0,"menu_order":0,"comment_status":"open","ping_status":"open","template":"","meta":{"footnotes":""},"class_list":["post-507","page","type-page","status-publish","hentry"],"jetpack_sharing_enabled":true,"jetpack_shortlink":"https:\/\/wp.me\/P75b73-8b","jetpack-related-posts":[],"_links":{"self":[{"href":"https:\/\/pyssel.kratos.se\/index.php?rest_route=\/wp\/v2\/pages\/507","targetHints":{"allow":["GET"]}}],"collection":[{"href":"https:\/\/pyssel.kratos.se\/index.php?rest_route=\/wp\/v2\/pages"}],"about":[{"href":"https:\/\/pyssel.kratos.se\/index.php?rest_route=\/wp\/v2\/types\/page"}],"author":[{"embeddable":true,"href":"https:\/\/pyssel.kratos.se\/index.php?rest_route=\/wp\/v2\/users\/1"}],"replies":[{"embeddable":true,"href":"https:\/\/pyssel.kratos.se\/index.php?rest_route=%2Fwp%2Fv2%2Fcomments&post=507"}],"version-history":[{"count":10,"href":"https:\/\/pyssel.kratos.se\/index.php?rest_route=\/wp\/v2\/pages\/507\/revisions"}],"predecessor-version":[{"id":12466,"href":"https:\/\/pyssel.kratos.se\/index.php?rest_route=\/wp\/v2\/pages\/507\/revisions\/12466"}],"wp:attachment":[{"href":"https:\/\/pyssel.kratos.se\/index.php?rest_route=%2Fwp%2Fv2%2Fmedia&parent=507"}],"curies":[{"name":"wp","href":"https:\/\/api.w.org\/{rel}","templated":true}]}}